{"id":16637,"date":"2019-06-18T21:02:33","date_gmt":"2019-06-18T21:02:33","guid":{"rendered":"http:\/\/sepehrhome.com\/contact-sepehr-trade\/"},"modified":"2023-01-30T17:56:54","modified_gmt":"2023-01-30T14:56:54","slug":"sepehr-holding-iletisim-bilgileri","status":"publish","type":"page","link":"https:\/\/sepehrhome.com\/tr\/sepehr-holding-iletisim-bilgileri\/","title":{"rendered":"Sepehr Holding \u0130leti\u015fim Bilgileri"},"content":{"rendered":"<div class=\"fusion-fullwidth fullwidth-box fusion-builder-row-1 nonhundred-percent-fullwidth non-hundred-percent-height-scrolling\" style=\"--awb-border-radius-top-left:0px;--awb-border-radius-top-right:0px;--awb-border-radius-bottom-right:0px;--awb-border-radius-bottom-left:0px;\" ><div class=\"fusion-builder-row fusion-row\"><div class=\"fusion-layout-column fusion_builder_column fusion-builder-column-0 fusion_builder_column_1_2 1_2 fusion-one-half fusion-column-first\" style=\"--awb-bg-size:cover;--awb-margin-top:0px;--awb-margin-bottom:0px;width:48%; margin-right: 4%;\"><div class=\"fusion-column-wrapper fusion-flex-column-wrapper-legacy\"><div class=\"fusion-title title fusion-title-1 fusion-title-text fusion-title-size-one\" style=\"--awb-sep-color:#ffc107;\"><h1 class=\"title-heading-left\" style=\"margin:0;\">\u0130leti\u015fim Bilgileri<\/h1><span class=\"awb-title-spacer\"><\/span><div class=\"title-sep-container\"><div class=\"title-sep sep-single sep-solid\" style=\"border-color:#ffc107;\"><\/div><\/div><\/div><div class=\"fusion-text fusion-text-1\"><p dir=\"ltr\"><span class=\"breadcrumb-leaf\">Sepehr Holding ileti\u015fim bilgileri<\/span> , g\u00f6r\u00fc\u015f, \u00f6neri ve bilgi almak istedi\u011finiz t\u00fcm konular i\u00e7in bizimle ileti\u015fime ge\u00e7ebilirsiniz<\/p>\n<\/div><div class=\"fusion-text fusion-text-2\"><div class=\"textwidget\">\n<p dir=\"ltr\" style=\"text-align: left;\">T\u00fcrkiye \u0130rtibat Numaras\u0131 :<\/p>\n<p dir=\"ltr\">+90 506 666 2666<\/p>\n<p dir=\"ltr\">+90 506 666 2666<\/p>\n<p dir=\"ltr\">+90 212 812 4244<\/p>\n<\/div>\n<div class=\"textwidget\" dir=\"ltr\">\n<p style=\"text-align: left;\">WhatsApp, Telegram \u00fczerinden arama<\/p>\n<p style=\"text-align: left;\">T\u00fcrkiye adresi :<\/p>\n<p style=\"text-align: left;\"><span style=\"font-family: 'Source Sans Pro Light',sans-serif;\">G\u00fcrsel Mahallesi, \u0130mrahor Cd,premier kamp\u00fcs, A62,Ka\u011f\u0131thane\/\u0130stanbul<\/span><\/p>\n<p><span class=\"breadcrumb-leaf\">Sepehr Holding \u0130leti\u015fim Bilgileri<\/span><\/p>\n<\/div>\n<\/div><div class=\"fusion-clearfix\"><\/div><\/div><\/div><div class=\"fusion-layout-column fusion_builder_column fusion-builder-column-1 fusion_builder_column_1_2 1_2 fusion-one-half fusion-column-last\" style=\"--awb-bg-size:cover;--awb-margin-top:0px;--awb-margin-bottom:0px;width:48%;\"><div class=\"fusion-column-wrapper fusion-flex-column-wrapper-legacy\"><div class=\"fusion-text fusion-text-3\"><p style=\"text-align: center;\">\n<div class=\"wpcf7 no-js\" id=\"wpcf7-f17318-o1\" lang=\"fa-IR\" dir=\"rtl\">\n<div class=\"screen-reader-response\"><p role=\"status\" aria-live=\"polite\" aria-atomic=\"true\"><\/p> <ul><\/ul><\/div>\n<form action=\"\/tr\/wp-json\/wp\/v2\/pages\/16637#wpcf7-f17318-o1\" method=\"post\" class=\"wpcf7-form init\" aria-label=\"Contact form\" novalidate=\"novalidate\" data-status=\"init\">\n<div style=\"display: none;\">\n<input type=\"hidden\" name=\"_wpcf7\" value=\"17318\" \/>\n<input type=\"hidden\" name=\"_wpcf7_version\" value=\"5.7.7\" \/>\n<input type=\"hidden\" name=\"_wpcf7_locale\" value=\"fa_IR\" \/>\n<input type=\"hidden\" name=\"_wpcf7_unit_tag\" value=\"wpcf7-f17318-o1\" \/>\n<input type=\"hidden\" name=\"_wpcf7_container_post\" value=\"0\" \/>\n<input type=\"hidden\" name=\"_wpcf7_posted_data_hash\" value=\"\" \/>\n<\/div>\n<p style=\"direction : ltr ;\">Ad\u0131n\u0131z ve Soyad\u0131n\u0131z (Olmal\u0131)\n<\/p>\n<p><span class=\"wpcf7-form-control-wrap\" data-name=\"your-name\"><input size=\"40\" class=\"wpcf7-form-control wpcf7-text wpcf7-validates-as-required\" aria-required=\"true\" aria-invalid=\"false\" value=\"\" type=\"text\" name=\"your-name\" \/><\/span>\n<\/p>\n<p style=\"direction : ltr ;\"> \u0130leti\u015fim numaras\u0131 (Olmal\u0131)\n<\/p>\n<p><span class=\"wpcf7-form-control-wrap\" data-name=\"your-email\"><input size=\"40\" class=\"wpcf7-form-control wpcf7-text wpcf7-email wpcf7-validates-as-required wpcf7-validates-as-email\" aria-required=\"true\" aria-invalid=\"false\" value=\"\" type=\"email\" name=\"your-email\" \/><\/span>\n<\/p>\n<p style=\"direction : ltr ;\">E-posta (Olmal\u0131)\n<\/p>\n<p><span class=\"wpcf7-form-control-wrap\" data-name=\"your-email\"><input size=\"40\" class=\"wpcf7-form-control wpcf7-text wpcf7-email wpcf7-validates-as-required wpcf7-validates-as-email\" aria-required=\"true\" aria-invalid=\"false\" value=\"\" type=\"email\" name=\"your-email\" \/><\/span>\n<\/p>\n<p style=\"direction : ltr ;\">Mesaj A\u00e7\u0131klamas\u0131\n<\/p>\n<p><span class=\"wpcf7-form-control-wrap\" data-name=\"your-message\"><textarea cols=\"40\" rows=\"10\" class=\"wpcf7-form-control wpcf7-textarea\" aria-invalid=\"false\" name=\"your-message\"><\/textarea><\/span>\n<\/p>\n<p style=\"direction : ltr ;\"><input class=\"wpcf7-form-control has-spinner wpcf7-submit\" type=\"submit\" value=\"G\u00f6nder\" \/>\n<\/p><div class=\"fusion-alert alert custom alert-custom fusion-alert-center wpcf7-response-output fusion-alert-capitalize alert-dismissable\" style=\"--awb-border-size:1px;\" role=\"alert\"><div class=\"fusion-alert-content-wrapper\"><span class=\"fusion-alert-content\"><\/span><\/div><button type=\"button\" class=\"close toggle-alert\" data-dismiss=\"alert\" aria-label=\"Close\">&times;<\/button><\/div>\n<\/form>\n<\/div>\n<\/div><div class=\"fusion-clearfix\"><\/div><\/div><\/div><div class=\"fusion-layout-column fusion_builder_column fusion-builder-column-2 fusion_builder_column_1_1 1_1 fusion-one-full fusion-column-first fusion-column-last\" style=\"--awb-bg-size:cover;\"><div class=\"fusion-column-wrapper fusion-column-has-shadow fusion-flex-column-wrapper-legacy\"><div class=\"fusion-clearfix\"><\/div><\/div><\/div><\/div><\/div><div class=\"fusion-fullwidth fullwidth-box fusion-builder-row-2 nonhundred-percent-fullwidth non-hundred-percent-height-scrolling\" style=\"--awb-border-radius-top-left:0px;--awb-border-radius-top-right:0px;--awb-border-radius-bottom-right:0px;--awb-border-radius-bottom-left:0px;--awb-background-color:rgba(96,125,139,0.17);\" ><div class=\"fusion-builder-row fusion-row\"><div class=\"fusion-layout-column fusion_builder_column fusion-builder-column-3 fusion_builder_column_1_1 1_1 fusion-one-full fusion-column-first fusion-column-last\" style=\"--awb-bg-size:cover;\"><div class=\"fusion-column-wrapper fusion-column-has-shadow fusion-flex-column-wrapper-legacy\"><div class=\"fusion-sep-clear\"><\/div><div class=\"fusion-separator fusion-full-width-sep\" style=\"margin-left: auto;margin-right: auto;margin-top:20px;margin-bottom:20px;width:100%;\"><\/div><div class=\"fusion-sep-clear\"><\/div><div class=\"fusion-title title fusion-title-2 fusion-title-center fusion-title-text fusion-title-size-two\" style=\"--awb-sep-color:#ffc107;\"><div class=\"title-sep-container title-sep-container-left\"><div class=\"title-sep sep-single sep-solid\" style=\"border-color:#ffc107;\"><\/div><\/div><span class=\"awb-title-spacer\"><\/span><h2 class=\"title-heading-center\" style=\"margin:0;\">SOSYAL MEDYA<\/p><\/h2><span class=\"awb-title-spacer\"><\/span><div class=\"title-sep-container title-sep-container-right\"><div class=\"title-sep sep-single sep-solid\" style=\"border-color:#ffc107;\"><\/div><\/div><\/div><div class=\"fusion-sep-clear\"><\/div><div class=\"fusion-separator fusion-full-width-sep\" style=\"margin-left: auto;margin-right: auto;margin-top:20px;margin-bottom:20px;width:100%;\"><\/div><div class=\"fusion-sep-clear\"><\/div><div class=\"fusion-clearfix\"><\/div><\/div><\/div><\/div><\/div><div class=\"fusion-fullwidth fullwidth-box fusion-builder-row-3 nonhundred-percent-fullwidth non-hundred-percent-height-scrolling\" style=\"--awb-border-radius-top-left:0px;--awb-border-radius-top-right:0px;--awb-border-radius-bottom-right:0px;--awb-border-radius-bottom-left:0px;--awb-background-color:rgba(96,125,139,0.17);\" ><div class=\"fusion-builder-row fusion-row\"><div class=\"fusion-layout-column fusion_builder_column fusion-builder-column-4 fusion_builder_column_1_2 1_2 fusion-one-half fusion-column-first\" style=\"--awb-bg-size:cover;width:50%;width:calc(50% - ( ( 4% ) * 0.5 ) );margin-right: 4%;\"><div class=\"fusion-column-wrapper fusion-column-has-shadow fusion-flex-column-wrapper-legacy\"><div class=\"fusion-image-element fusion-image-align-center in-legacy-container\" style=\"text-align:center;\"><div class=\"imageframe-align-center\"><span class=\" fusion-imageframe imageframe-none imageframe-1 hover-type-none\"><a class=\"fusion-no-lightbox\" href=\"https:\/\/www.instagram.com\/sepehrhome\" target=\"_blank\" aria-label=\"instagram-sepehhome-en\" rel=\"noopener noreferrer\"><img decoding=\"async\" width=\"300\" height=\"101\" src=\"https:\/\/sepehrhome.com\/wp-content\/uploads\/2019\/10\/instagram-sepehhome-en-300x101.png\" alt class=\"img-responsive wp-image-18155\" srcset=\"https:\/\/sepehrhome.com\/wp-content\/uploads\/2019\/10\/instagram-sepehhome-en-200x67.png 200w, https:\/\/sepehrhome.com\/wp-content\/uploads\/2019\/10\/instagram-sepehhome-en.png 400w\" sizes=\"(max-width: 800px) 100vw, 300px\" \/><\/a><\/span><\/div><\/div><div class=\"fusion-clearfix\"><\/div><\/div><\/div><div class=\"fusion-layout-column fusion_builder_column fusion-builder-column-5 fusion_builder_column_1_2 1_2 fusion-one-half fusion-column-last\" style=\"--awb-bg-size:cover;width:50%;width:calc(50% - ( ( 4% ) * 0.5 ) );\"><div class=\"fusion-column-wrapper fusion-column-has-shadow fusion-flex-column-wrapper-legacy\"><div class=\"fusion-image-element fusion-image-align-center in-legacy-container\" style=\"text-align:center;\"><div class=\"imageframe-align-center\"><span class=\" fusion-imageframe imageframe-none imageframe-2 hover-type-none\"><a class=\"fusion-no-lightbox\" href=\"#\" target=\"_blank\" aria-label=\"telegram-sepehrhome&#8211;en\" rel=\"noopener noreferrer\"><img decoding=\"async\" width=\"300\" height=\"101\" src=\"https:\/\/sepehrhome.com\/wp-content\/uploads\/2019\/10\/telegram-sepehrhome-en-300x101.png\" alt class=\"img-responsive wp-image-18152\" srcset=\"https:\/\/sepehrhome.com\/wp-content\/uploads\/2019\/10\/telegram-sepehrhome-en-200x67.png 200w, https:\/\/sepehrhome.com\/wp-content\/uploads\/2019\/10\/telegram-sepehrhome-en.png 400w\" sizes=\"(max-width: 800px) 100vw, 300px\" \/><\/a><\/span><\/div><\/div><div class=\"fusion-clearfix\"><\/div><\/div><\/div><div class=\"fusion-layout-column fusion_builder_column fusion-builder-column-6 fusion_builder_column_1_1 1_1 fusion-one-full fusion-column-first fusion-column-last\" style=\"--awb-bg-size:cover;\"><div class=\"fusion-column-wrapper fusion-column-has-shadow fusion-flex-column-wrapper-legacy\"><div class=\"fusion-sep-clear\"><\/div><div class=\"fusion-separator fusion-full-width-sep\" style=\"margin-left: auto;margin-right: auto;margin-top:20px;margin-bottom:20px;width:100%;\"><\/div><div class=\"fusion-sep-clear\"><\/div><div class=\"fusion-clearfix\"><\/div><\/div><\/div><\/div><\/div><div class=\"fusion-fullwidth fullwidth-box fusion-builder-row-4 nonhundred-percent-fullwidth non-hundred-percent-height-scrolling\" style=\"--awb-border-radius-top-left:0px;--awb-border-radius-top-right:0px;--awb-border-radius-bottom-right:0px;--awb-border-radius-bottom-left:0px;\" ><div class=\"fusion-builder-row fusion-row\"><div class=\"fusion-layout-column fusion_builder_column fusion-builder-column-7 fusion_builder_column_1_1 1_1 fusion-one-full fusion-column-first fusion-column-last\" style=\"--awb-bg-size:cover;\"><div class=\"fusion-column-wrapper fusion-column-has-shadow fusion-flex-column-wrapper-legacy\"><div class=\"fusion-sep-clear\"><\/div><div class=\"fusion-separator fusion-full-width-sep\" style=\"margin-left: auto;margin-right: auto;margin-top:20px;margin-bottom:20px;width:100%;\"><\/div><div class=\"fusion-sep-clear\"><\/div><a class=\"fusion-modal-text-link\" data-toggle=\"modal\" data-target=\".fusion-modal.23\" href=\"#\"><iframe style=\"border: 0;\" src=\"https:\/\/www.google.com\/maps\/embed?pb=!1m18!1m12!1m3!1d3007.8540958828125!2d28.96461026503948!3d41.07218182929431!2m3!1f0!2f0!3f0!3m2!1i1024!2i768!4f13.1!3m3!1m2!1s0x0%3A0x73afcc0cbd80e7f7!2sPremier+Kamp%C3%BCs+Ofis!5e0!3m2!1str!2str!4v1562397754827!5m2!1str!2str\" width=\"1100\" height=\"450\" frameborder=\"0\" allowfullscreen=\"allowfullscreen\"><\/iframe><\/a><div class=\"fusion-clearfix\"><\/div><\/div><\/div><\/div><\/div>\n","protected":false},"excerpt":{"rendered":"\u0130leti\u015fim BilgileriSepehr Holding ileti\u015fim bilgileri , g\u00f6r\u00fc\u015f, \u00f6neri ve bilgi almak istedi\u011finiz t\u00fcm konular i\u00e7in bizimle ileti\u015fime ge\u00e7ebilirsiniz T\u00fcrkiye \u0130rtibat Numaras\u0131 : +90 506 666 2666 +90 506 666 2666 +90 212 812 4244 WhatsApp, Telegram \u00fczerinden arama T\u00fcrkiye adresi : G\u00fcrsel Mahallesi, \u0130mrahor Cd,premier kamp\u00fcs, A62,Ka\u011f\u0131thane\/\u0130stanbul Sepehr Holding \u0130leti\u015fim Bilgileri Ad\u0131n\u0131z ve Soyad\u0131n\u0131z (Olmal\u0131) \u0130leti\u015fim numaras\u0131 (Olmal\u0131) E-posta (Olmal\u0131) Mesaj A\u00e7\u0131klamas\u0131 &times; SOSYAL MEDYA","protected":false},"author":3,"featured_media":0,"parent":0,"menu_order":0,"comment_status":"closed","ping_status":"closed","template":"","meta":{"_bbp_topic_count":0,"_bbp_reply_count":0,"_bbp_total_topic_count":0,"_bbp_total_reply_count":0,"_bbp_voice_count":0,"_bbp_anonymous_reply_count":0,"_bbp_topic_count_hidden":0,"_bbp_reply_count_hidden":0,"_bbp_forum_subforum_count":0,"_joinchat":[]},"yst_prominent_words":[],"acf":[],"_links":{"self":[{"href":"https:\/\/sepehrhome.com\/tr\/wp-json\/wp\/v2\/pages\/16637"}],"collection":[{"href":"https:\/\/sepehrhome.com\/tr\/wp-json\/wp\/v2\/pages"}],"about":[{"href":"https:\/\/sepehrhome.com\/tr\/wp-json\/wp\/v2\/types\/page"}],"author":[{"embeddable":true,"href":"https:\/\/sepehrhome.com\/tr\/wp-json\/wp\/v2\/users\/3"}],"replies":[{"embeddable":true,"href":"https:\/\/sepehrhome.com\/tr\/wp-json\/wp\/v2\/comments?post=16637"}],"version-history":[{"count":22,"href":"https:\/\/sepehrhome.com\/tr\/wp-json\/wp\/v2\/pages\/16637\/revisions"}],"predecessor-version":[{"id":18830,"href":"https:\/\/sepehrhome.com\/tr\/wp-json\/wp\/v2\/pages\/16637\/revisions\/18830"}],"wp:attachment":[{"href":"https:\/\/sepehrhome.com\/tr\/wp-json\/wp\/v2\/media?parent=16637"}],"wp:term":[{"taxonomy":"yst_prominent_words","embeddable":true,"href":"https:\/\/sepehrhome.com\/tr\/wp-json\/wp\/v2\/yst_prominent_words?post=16637"}],"curies":[{"name":"wp","href":"https:\/\/api.w.org\/{rel}","templated":true}]}}